{"id":11,"date":"2024-02-15T01:51:37","date_gmt":"2024-02-15T00:51:37","guid":{"rendered":"https:\/\/gamingboutique.fr\/?post_type=product&#038;p=11"},"modified":"2024-02-15T01:51:41","modified_gmt":"2024-02-15T00:51:41","slug":"contenant-silicone-pour-faire-des-glaces-haakaa-4-glaces","status":"publish","type":"product","link":"https:\/\/gamingboutique.fr\/?product=contenant-silicone-pour-faire-des-glaces-haakaa-4-glaces","title":{"rendered":"Contenant Silicone pour faire des glaces Haakaa (4 glaces)"},"content":{"rendered":"<p>Fabriqu\u00e9s \u00e0 partir de silicone 100 % alimentaire, nos petits moules pratiques passent au lave-vaisselle et r\u00e9sistent aux temp\u00e9ratures chaudes et froides. Soyez inventif et remplissez-les de toutes les combinaisons savoureuses que vous pouvez imaginer. M\u00e9langez des fruits avec du yaourt grec, du jus avec des fruits hach\u00e9s, du beurre de cacahu\u00e8te avec du lait d&#8217;amande, de l&#8217;eau de coco avec des myrtilles &#8211; les possibilit\u00e9s sont infinies ! Vous pouvez m\u00eame y introduire des l\u00e9gumes pour les petits mangeurs difficiles!<\/p>\n<p>Nos moules \u00e0 glace en silicone sont \u00e9galement tr\u00e8s pratiques pour les aliments pour b\u00e9b\u00e9 et le lait maternel faits maison ! Remplissez chaque moule avec suffisamment de nourriture pour un repas et congelez le tout \u00e0 plat. Prenez un tube en sortant et plongez-le dans de l&#8217;eau bouillante pour le d\u00e9congeler et obtenir un repas facile et pr\u00eat \u00e0 manger.<\/p>\n<p>Tous les moules ont leur propre couvercle herm\u00e9tique, ce qui en fait le petit r\u00e9cipient id\u00e9al pour les en-cas et \u00e0 emporter.<\/p>\n<p>Cet ensemble comprend 4 x moules \u00e0 glace en silicone.<\/p>\n<p>Veuillez noter que les aliments solides sont recommand\u00e9s pour les b\u00e9b\u00e9s \u00e2g\u00e9s de 4 \u00e0 6 mois et plus. Veuillez consulter votre sage-femme ou un professionnel de sant\u00e9 si vous introduisez des aliments solides plus t\u00f4t. En raison des propri\u00e9t\u00e9s naturelles du silicone, ce produit peut se d\u00e9colorer avec le temps.<\/p>\n<p>&nbsp;<\/p>\n<hr \/>\n<p><iframe loading=\"lazy\" title=\"Contenant glace silicone haakaa\" width=\"584\" height=\"438\" src=\"https:\/\/www.youtube.com\/embed\/QrLbYcoSmkQ?feature=oembed\" frameborder=\"0\" allow=\"accelerometer; autoplay; clipboard-write; encrypted-media; gyroscope; picture-in-picture; web-share\" referrerpolicy=\"strict-origin-when-cross-origin\" allowfullscreen><\/iframe><\/p>\n","protected":false},"excerpt":{"rendered":"<p>Rafra\u00eechissez vos petits cet \u00e9t\u00e9 avec nos moules \u00e0 glace en silicone color\u00e9s ! Ils sont le moyen id\u00e9al de cr\u00e9er des glaces maison, saines et sans d\u00e9chets, sans la contamination qui accompagne les moules \u00e0 glace en plastique classiques. <a href=\"https:\/\/gamingboutique.fr\/?product=contenant-silicone-pour-faire-des-glaces-haakaa-4-glaces\">Continue reading <span class=\"meta-nav\">&rarr;<\/span><\/a><\/p>\n","protected":false},"featured_media":47,"comment_status":"closed","ping_status":"closed","template":"","meta":[],"product_cat":[16],"product_tag":[],"_links":{"self":[{"href":"https:\/\/gamingboutique.fr\/index.php?rest_route=\/wp\/v2\/product\/11"}],"collection":[{"href":"https:\/\/gamingboutique.fr\/index.php?rest_route=\/wp\/v2\/product"}],"about":[{"href":"https:\/\/gamingboutique.fr\/index.php?rest_route=\/wp\/v2\/types\/product"}],"replies":[{"embeddable":true,"href":"https:\/\/gamingboutique.fr\/index.php?rest_route=%2Fwp%2Fv2%2Fcomments&post=11"}],"wp:featuredmedia":[{"embeddable":true,"href":"https:\/\/gamingboutique.fr\/index.php?rest_route=\/wp\/v2\/media\/47"}],"wp:attachment":[{"href":"https:\/\/gamingboutique.fr\/index.php?rest_route=%2Fwp%2Fv2%2Fmedia&parent=11"}],"wp:term":[{"taxonomy":"product_cat","embeddable":true,"href":"https:\/\/gamingboutique.fr\/index.php?rest_route=%2Fwp%2Fv2%2Fproduct_cat&post=11"},{"taxonomy":"product_tag","embeddable":true,"href":"https:\/\/gamingboutique.fr\/index.php?rest_route=%2Fwp%2Fv2%2Fproduct_tag&post=11"}],"curies":[{"name":"wp","href":"https:\/\/api.w.org\/{rel}","templated":true}]}}